{"id":14,"date":"2020-04-15T14:19:21","date_gmt":"2020-04-15T14:19:21","guid":{"rendered":"https:\/\/kbv-opr.de\/?page_id=14"},"modified":"2026-01-04T21:10:37","modified_gmt":"2026-01-04T21:10:37","slug":"vorstand","status":"publish","type":"page","link":"https:\/\/kbv-opr.de\/?page_id=14","title":{"rendered":"Vorstand"},"content":{"rendered":"\n<figure class=\"wp-block-table\"><table><tbody><tr><td><\/td><td><strong>Dr. Henning Hartmann<br><\/strong><br><br><strong>Vorsitzender<\/strong><br>Agrargenossenschaft Sieversdorf<br>Dorfstr. 73<br>16845 Sieversdorf<br><br>Tel.: 033970-14613<br>Mobil: 0170-9143487<br>Fax: 033970-50608<br>Mail: <a href=\"mailto:AG_Sieversdorf@icloud.com\">AG_Sieversdorf@icloud.com<\/a><\/td><\/tr><tr><td><\/td><td><strong>Ulrike Grollmu\u00df<\/strong><br><strong>stellv. Vorsitzende<\/strong><br>Agrargenossenschaft Neustadt e.G.<br>Segeletzer Stra\u00dfe 26<br>16845 Neustadt (Dosse)<br><br>Tel.: 033970\/ 13488<br>Mail: <a href=\"mailto:ag-neustadt@t-online.de\">ag-neustadt@t-online.de<\/a><\/td><\/tr><tr><td><\/td><td><strong>Harald Krumhoff<\/strong><br>stellv. Vorsitzender <\/td><\/tr><tr><td><\/td><td><strong>Hans-Heinrich-Gr\u00fcnhagen<br><\/strong>Hof Gr\u00fcnhagen<br>Wernikower Dorfstr. 43<br>16909 Heiligengrabe OT Wernikow<br><br>Tel.: 03394-433168<br>Mobil: 0173-2016769<br>Fax: 03394-433204<br>Mail: <a href=\"mailto:info@hof-gruenhagen.de\">info@hof-gruenhagen.de<\/a><\/td><\/tr><tr><td><\/td><td><strong>Thomas Schwabe<\/strong><br>Agrargenossenschaft e.G. Pl\u00e4nitz<br>Hofstr. 3<br>16845 Neustadt OT Pl\u00e4nitz<br><br>Tel.: 033970-13429<br>Mobil: 0173-7484758<br>Fax: 033970-50419<br>Mail: <a href=\"mailto:agrar-plaenitz@t-online.de\">agrar-plaenitz@t-online.de<\/a><\/td><\/tr><tr><td><\/td><td><strong>Heiko H\u00fcbner<\/strong><br>\u00d6koh\u00f6fe Sch\u00f6nberg GmbH<br>Netzebander Str. 14<br>16866 Kyritz OT Sch\u00f6nberg<br><br>Tel.: 033971-45015<br>Mobil: 0175-4136990<br>Fax: 033922-50356<br>Mail: <u><a href=\"mailto:HKPHuebner@t-online.de\">HKPHuebner@t-online.de<\/a><\/u><\/td><\/tr><tr><td><\/td><td><strong>Kay Schmidt<\/strong><br>Schmidt&#8217;s Farm<br>Kyritzer Str. 24<br>16868 Wusterhausen<br><br>Tel.: 033979-14653<br>Mobil: 0171-7274959<br>Fax: 033979- 500385<br>Mail: <a href=\"mailto:schmidts_farm@t-online.de\">schmidts_farm@t-online.de<\/a><\/td><\/tr><tr><td><\/td><td><strong>Sven Deter<\/strong><br>Wulkower Agrar GmbH<br>Dorfstr. 37<br>16835 Wulkow<br><br>Tel.: 03391-400079<br>Mobil: 0172-7887343<br>Fax: 03391-400532<br>Mail: <a href=\"mailto:wulkower.agrargmbh@t-online.de\">wulkower.agrargmbh@t-online.de<\/a><\/td><\/tr><tr><td><\/td><td><strong>Karsten Wolter<\/strong><br>Agrarproduktion Babe GmbH<br>Kastanienallee 2<br>16845 Neustadt (Dosse)<\/td><\/tr><tr><td><\/td><td><strong>Christoph Mittelst\u00e4dt<\/strong><br>Wittstocker Bauernhof GmbH<br>Geschwister-Scholl-Stra\u00dfe 15<br>16909 Wittstock\/Dosse<\/td><\/tr><tr><td><\/td><td><strong>Steven Gerloff<\/strong><br>&#8222;Rhinmilch&#8220; GmbH Fehrbellin<br>Betziner Weg 18<br>16833 Fehrbellin<br><br>Tel.: 033932-58090<br>Fax: 033932-580950<br>Mail: <a href=\"mailto:info@rhinmilch.de\">info@rhinmilch.de<\/a><\/td><\/tr><tr><td><\/td><td><strong>Steffen Gr\u00f6ger<\/strong><br>WF Aufzucht GmbH<br>Dorfstr. 75 a<br>16909 Wittstock OT Wulfersdorf<br><br>Tel.: 033963-40267<br>Mobil: 0172-3113329<br>Fax: 033963-208930<br>Mail: <a href=\"mailto:steffen-groeger@t-online.de\">steffen-groeger@t-online.de<\/a><\/td><\/tr><tr><td><\/td><td><strong>Wilma Nickel<\/strong><br>Zu den Teichen 1<br>16833 Fehrbellin OT Linum<br><br>Tel.: 033922\/50204<br>Mobil: 0173-6228288<br>Mail: <a href=\"mailto:WilmaNickel@t-online.de\">WilmaNickel@t-online.de<\/a><\/td><\/tr><tr><td><\/td><td><strong>Henning Christ<\/strong><br>M&amp;F Rhinluch GmbH Wustrau<br>Am Wald 26<br>16818 Wustrau<br><br>Tel.: 033925\/70251<br>Mobil: 01520-2607630<br>Fax: 033925\/70171<br>Mail: <a href=\"mailto:mf-Christ@t-online.de\">mf-Christ@t-online.de<\/a><\/td><\/tr><tr><td><\/td><td><strong>Dennis Siekerkotte<\/strong><br>Hof Siekerkotte<br>Wittstocker Str. 28, 16909 <br>Wittstock\/Dosse<\/td><\/tr><\/tbody><\/table><\/figure>\n","protected":false},"excerpt":{"rendered":"<p>Dr. Henning Hartmann VorsitzenderAgrargenossenschaft SieversdorfDorfstr. 7316845 Sieversdorf Tel.: 033970-14613Mobil: 0170-9143487Fax: 033970-50608Mail: AG_Sieversdorf@icloud.com Ulrike Grollmu\u00dfstellv. VorsitzendeAgrargenossenschaft Neustadt e.G.Segeletzer Stra\u00dfe 2616845 Neustadt (Dosse) Tel.: 033970\/ 13488Mail: ag-neustadt@t-online.de Harald Krumhoffstellv. Vorsitzender Hans-Heinrich-Gr\u00fcnhagenHof Gr\u00fcnhagenWernikower Dorfstr. 4316909 Heiligengrabe OT Wernikow Tel.: 03394-433168Mobil: 0173-2016769Fax: 03394-433204Mail: info@hof-gruenhagen.de Thomas SchwabeAgrargenossenschaft e.G. Pl\u00e4nitzHofstr. 316845 Neustadt OT Pl\u00e4nitz Tel.: 033970-13429Mobil: 0173-7484758Fax: 033970-50419Mail: agrar-plaenitz@t-online.de Heiko H\u00fcbner\u00d6koh\u00f6fe &hellip; <\/p>\n<p class=\"link-more\"><a href=\"https:\/\/kbv-opr.de\/?page_id=14\" class=\"more-link\"><span class=\"screen-reader-text\">\u201eVorstand\u201c<\/span> weiterlesen<\/a><\/p>\n","protected":false},"author":1,"featured_media":190,"parent":0,"menu_order":0,"comment_status":"closed","ping_status":"closed","template":"","meta":{"footnotes":""},"class_list":["post-14","page","type-page","status-publish","has-post-thumbnail","hentry"],"_links":{"self":[{"href":"https:\/\/kbv-opr.de\/index.php?rest_route=\/wp\/v2\/pages\/14","targetHints":{"allow":["GET"]}}],"collection":[{"href":"https:\/\/kbv-opr.de\/index.php?rest_route=\/wp\/v2\/pages"}],"about":[{"href":"https:\/\/kbv-opr.de\/index.php?rest_route=\/wp\/v2\/types\/page"}],"author":[{"embeddable":true,"href":"https:\/\/kbv-opr.de\/index.php?rest_route=\/wp\/v2\/users\/1"}],"replies":[{"embeddable":true,"href":"https:\/\/kbv-opr.de\/index.php?rest_route=%2Fwp%2Fv2%2Fcomments&post=14"}],"version-history":[{"count":9,"href":"https:\/\/kbv-opr.de\/index.php?rest_route=\/wp\/v2\/pages\/14\/revisions"}],"predecessor-version":[{"id":340,"href":"https:\/\/kbv-opr.de\/index.php?rest_route=\/wp\/v2\/pages\/14\/revisions\/340"}],"wp:featuredmedia":[{"embeddable":true,"href":"https:\/\/kbv-opr.de\/index.php?rest_route=\/wp\/v2\/media\/190"}],"wp:attachment":[{"href":"https:\/\/kbv-opr.de\/index.php?rest_route=%2Fwp%2Fv2%2Fmedia&parent=14"}],"curies":[{"name":"wp","href":"https:\/\/api.w.org\/{rel}","templated":true}]}}