{"id":16,"date":"2020-04-15T14:18:55","date_gmt":"2020-04-15T14:18:55","guid":{"rendered":"https:\/\/kbv-opr.de\/?page_id=16"},"modified":"2022-05-03T10:42:17","modified_gmt":"2022-05-03T10:42:17","slug":"geschaeftsstelle","status":"publish","type":"page","link":"https:\/\/kbv-opr.de\/?page_id=16","title":{"rendered":"Gesch\u00e4ftsstelle"},"content":{"rendered":"\n<p>Maria Mundry<br>-Gesch\u00e4ftsf\u00fchrerin<\/p>\n\n\n\n<p>Jutta Sch\u00e4fer<br>-Sekretariat\/ Sachbearbeiterin<\/p>\n\n\n\n<p>Kontakt <br><br>Kreisbauernverband Ostprignitz e.V.<br>Hamburger Stra\u00dfe 1<br>16866 Kyritz<br><br>Tel: 033971\/52263, 56745<br>Fax: 033971\/ 56746<\/p>\n\n\n\n<p>kbvopr[at]t-online.de<br><\/p>\n","protected":false},"excerpt":{"rendered":"<p>Maria Mundry-Gesch\u00e4ftsf\u00fchrerin Jutta Sch\u00e4fer-Sekretariat\/ Sachbearbeiterin Kontakt Kreisbauernverband Ostprignitz e.V.Hamburger Stra\u00dfe 116866 Kyritz Tel: 033971\/52263, 56745Fax: 033971\/ 56746 kbvopr[at]t-online.de<\/p>\n","protected":false},"author":1,"featured_media":92,"parent":0,"menu_order":0,"comment_status":"closed","ping_status":"closed","template":"","meta":{"footnotes":""},"class_list":["post-16","page","type-page","status-publish","has-post-thumbnail","hentry"],"_links":{"self":[{"href":"https:\/\/kbv-opr.de\/index.php?rest_route=\/wp\/v2\/pages\/16","targetHints":{"allow":["GET"]}}],"collection":[{"href":"https:\/\/kbv-opr.de\/index.php?rest_route=\/wp\/v2\/pages"}],"about":[{"href":"https:\/\/kbv-opr.de\/index.php?rest_route=\/wp\/v2\/types\/page"}],"author":[{"embeddable":true,"href":"https:\/\/kbv-opr.de\/index.php?rest_route=\/wp\/v2\/users\/1"}],"replies":[{"embeddable":true,"href":"https:\/\/kbv-opr.de\/index.php?rest_route=%2Fwp%2Fv2%2Fcomments&post=16"}],"version-history":[{"count":4,"href":"https:\/\/kbv-opr.de\/index.php?rest_route=\/wp\/v2\/pages\/16\/revisions"}],"predecessor-version":[{"id":318,"href":"https:\/\/kbv-opr.de\/index.php?rest_route=\/wp\/v2\/pages\/16\/revisions\/318"}],"wp:featuredmedia":[{"embeddable":true,"href":"https:\/\/kbv-opr.de\/index.php?rest_route=\/wp\/v2\/media\/92"}],"wp:attachment":[{"href":"https:\/\/kbv-opr.de\/index.php?rest_route=%2Fwp%2Fv2%2Fmedia&parent=16"}],"curies":[{"name":"wp","href":"https:\/\/api.w.org\/{rel}","templated":true}]}}