{"id":18,"date":"2020-04-15T14:17:24","date_gmt":"2020-04-15T14:17:24","guid":{"rendered":"https:\/\/kbv-opr.de\/?page_id=18"},"modified":"2020-08-21T12:49:11","modified_gmt":"2020-08-21T12:49:11","slug":"startseite","status":"publish","type":"page","link":"https:\/\/kbv-opr.de\/","title":{"rendered":"Startseite"},"content":{"rendered":"\n<figure class=\"wp-block-image size-large\"><img loading=\"lazy\" decoding=\"async\" width=\"1024\" height=\"576\" src=\"https:\/\/kbv-opr.de\/wp-content\/uploads\/2020\/04\/IMG-20200325-WA0008-1-1024x576.jpg\" alt=\"\" class=\"wp-image-66\" srcset=\"https:\/\/kbv-opr.de\/wp-content\/uploads\/2020\/04\/IMG-20200325-WA0008-1-1024x576.jpg 1024w, https:\/\/kbv-opr.de\/wp-content\/uploads\/2020\/04\/IMG-20200325-WA0008-1-300x169.jpg 300w, https:\/\/kbv-opr.de\/wp-content\/uploads\/2020\/04\/IMG-20200325-WA0008-1-768x432.jpg 768w, https:\/\/kbv-opr.de\/wp-content\/uploads\/2020\/04\/IMG-20200325-WA0008-1-1536x864.jpg 1536w, https:\/\/kbv-opr.de\/wp-content\/uploads\/2020\/04\/IMG-20200325-WA0008-1.jpg 1600w\" sizes=\"auto, (max-width: 767px) 89vw, (max-width: 1000px) 54vw, (max-width: 1071px) 543px, 580px\" \/><\/figure>\n\n\n\n<p><strong>Willkommen beim Kreisbauernverband Ostprignitz-Ruppin<\/strong><\/p>\n\n\n\n<p>Der Kreisbauernverband Ostprignitz-Ruppin als berufsst\u00e4ndische Vertretung der Landwirte und ihrer Betriebe, unabh\u00e4ngig ihrer Betriebsgr\u00f6\u00dfe und Rechtsform, hat den Zweck die Interessen seiner Mitglieder, wahrzunehmen und zu f\u00f6rdern.<br>Der Kreisbauernverband Ostprignitz-Ruppin vertritt die Interessen unserer Mitglieder und gegen\u00fcber Landkreis, \u00c4mtern und Gemeinden und steht in engem Kontakt mit Forst- und Jagdverb\u00e4nden, Wasser- und Bodenverb\u00e4nden, Naturschutzverb\u00e4nden, Imkern und anderen Interessensvertretungen auf dem Land.<br>Wir sind der Ansprechpartner im Landkreis f\u00fcr Medienvertreter, Politiker, B\u00fcrgerinnnen und B\u00fcrger, Verwaltungsangestellte, andere Interessenvertreter rund um das Thema Landwirtschaft.<\/p>\n\n\n\n<p>Einen engen Kontakt h\u00e4lt der Kreisbauernverband zu den Landsenioren, deren T\u00e4tigkeiten<br>durch die Gesch\u00e4ftsstelle unterst\u00fctzt werden.<\/p>\n\n\n\n<p>Seit mehreren Legislaturperioden wirken Mitglieder des Kreisbauernverbandes als Abgeordnete der W\u00e4hlergemeinschaft Kreisbauernverband im Kreistag mit. Abgeordnet in Stadt- und Gemeindeparlamenten bringen sich f\u00fcr die Interessen der Landwirte<br>und des l\u00e4ndlichen Raumes ein. Zur Gestaltung unserer Region sind Mitglieder des Kreisbauernverbandes aktiv und bestimmend in der Regionalentwicklung Ostprignitz-Ruppin e.V. t\u00e4tig.<\/p>\n\n\n\n<p><\/p>\n\n\n\n<p><strong>Ostprignitz-Ruppin und die Landwirtschaft<\/strong><\/p>\n\n\n\n<p>Der Landkreis Ostprignitz-Ruppin umfasst den Osten der Region Prignitz, die Ruppiner Platte, einen Gro\u00dfteil des Ruppiner Landes und geht im Norden in die Mecklenburgische Seenplatte \u00fcber.<\/p>\n\n\n\n<p>Viele W\u00e4lder und Seen haben f\u00fcr den Tourismus einen besonderen Reiz und Anziehungskraft. Nach dem jahrelangen Gerangel um die Kyritz- Ruppiner-Heide, bekannt unter der Feldgespr\u00e4che mit der Presse Bezeichnung .Bombodrorn&#8220;, wird nun auch noch der Wolf wieder ans\u00e4ssig, was die Landwirte und die Bev\u00f6lkerung vor ganz neue Herausforderungen stellt.<\/p>\n\n\n\n<p>Das Land- und Hauptgest\u00fct Neustadt\/ Dosse ist deutschlandweit bekannt f\u00fcr Pferdezucht und die allj\u00e4hrlichen Hengstparaden.Der Landkreis Ostprignitz-Ruppin hat eine Katasterfl\u00e4che von rund 250.000 ha, davon werden ca.126.000 ha landwirtschaftlich genutzt. Das Verh\u00e4ltnis von Gr\u00fcnland zu Ackerland betr\u00e4gt in etwa ein Drittel zu zwei Drittel. Mit einer durchschnittlichen Ackerzahl von 28 haben die B\u00f6den aus Sicht der Landwirtschaft nur ein m\u00e4\u00dfiges Niveau.<\/p>\n\n\n\n<p>Mit 10.500 K\u00fchen wird Milchproduktion betrieben, 11.400 Mutterk\u00fche beweiden das Gr\u00fcnland. Damit ist die Rinderproduktion der bedeutendste Bereich der Tierproduktion in der Ostprignitz. 28.000 Schweine, 14.000 Schafe und \u00fcber 1. Mio. St\u00fcck Gefl\u00fcgel runden die Tierpalette ab.<\/p>\n\n\n\n<p>Durch unser Verbandsmitglied Emsland St\u00e4rke &#8211; Werk Kyritz hat die St\u00e4rkekartoffelproduktion noch eine gro\u00dfe Bedeutung.<\/p>\n\n\n\n<p>In der St\u00e4rkefabrik werden ca. 300.000 t Kartoffeln im Jahr verarbeitet.In unserem Verbandsgebiet werden dazu auf ca. 2.000 ha Kartoffeln angebaut.Kartoffelanbau in dieser Gr\u00f6\u00dfenordnung ist lange nicht mehr in allen Landkreisen in Brandenburg zu finden.<\/p>\n\n\n\n<p>In unserem Kreis gibt es zudem noch zwei landwirtschaftliche Brennereien.<\/p>\n","protected":false},"excerpt":{"rendered":"<p>Willkommen beim Kreisbauernverband Ostprignitz-Ruppin Der Kreisbauernverband Ostprignitz-Ruppin als berufsst\u00e4ndische Vertretung der Landwirte und ihrer Betriebe, unabh\u00e4ngig ihrer Betriebsgr\u00f6\u00dfe und Rechtsform, hat den Zweck die Interessen seiner Mitglieder, wahrzunehmen und zu f\u00f6rdern.Der Kreisbauernverband Ostprignitz-Ruppin vertritt die Interessen unserer Mitglieder und gegen\u00fcber Landkreis, \u00c4mtern und Gemeinden und steht in engem Kontakt mit Forst- und Jagdverb\u00e4nden, Wasser- und &hellip; <\/p>\n<p class=\"link-more\"><a href=\"https:\/\/kbv-opr.de\/\" class=\"more-link\"><span class=\"screen-reader-text\">\u201eStartseite\u201c<\/span> weiterlesen<\/a><\/p>\n","protected":false},"author":1,"featured_media":27,"parent":0,"menu_order":0,"comment_status":"closed","ping_status":"closed","template":"","meta":{"footnotes":""},"class_list":["post-18","page","type-page","status-publish","has-post-thumbnail","hentry"],"_links":{"self":[{"href":"https:\/\/kbv-opr.de\/index.php?rest_route=\/wp\/v2\/pages\/18","targetHints":{"allow":["GET"]}}],"collection":[{"href":"https:\/\/kbv-opr.de\/index.php?rest_route=\/wp\/v2\/pages"}],"about":[{"href":"https:\/\/kbv-opr.de\/index.php?rest_route=\/wp\/v2\/types\/page"}],"author":[{"embeddable":true,"href":"https:\/\/kbv-opr.de\/index.php?rest_route=\/wp\/v2\/users\/1"}],"replies":[{"embeddable":true,"href":"https:\/\/kbv-opr.de\/index.php?rest_route=%2Fwp%2Fv2%2Fcomments&post=18"}],"version-history":[{"count":6,"href":"https:\/\/kbv-opr.de\/index.php?rest_route=\/wp\/v2\/pages\/18\/revisions"}],"predecessor-version":[{"id":261,"href":"https:\/\/kbv-opr.de\/index.php?rest_route=\/wp\/v2\/pages\/18\/revisions\/261"}],"wp:featuredmedia":[{"embeddable":true,"href":"https:\/\/kbv-opr.de\/index.php?rest_route=\/wp\/v2\/media\/27"}],"wp:attachment":[{"href":"https:\/\/kbv-opr.de\/index.php?rest_route=%2Fwp%2Fv2%2Fmedia&parent=18"}],"curies":[{"name":"wp","href":"https:\/\/api.w.org\/{rel}","templated":true}]}}