{"id":244,"date":"2020-08-21T08:09:52","date_gmt":"2020-08-21T08:09:52","guid":{"rendered":"https:\/\/kbv-opr.de\/?page_id=244"},"modified":"2026-02-19T11:05:24","modified_gmt":"2026-02-19T11:05:24","slug":"ausbildung","status":"publish","type":"page","link":"https:\/\/kbv-opr.de\/?page_id=244","title":{"rendered":"Ausbildung"},"content":{"rendered":"\n<p>Unsere Mitgliedsbetriebe bilden Landwirte, Tierwirte und zur Fachkraft Agrarservice und Landwirtschaftshelfer aus. Ebenso stehen Sie f\u00fcr Praktika w\u00e4hrend Schule, Fachschule oder Studium zur Verf\u00fcgung oder duale Studieng\u00e4nge im Bereich Agrar.<\/p>\n\n\n\n<p>Bei Fragen beraten wir gern!<\/p>\n\n\n\n<figure class=\"wp-block-table\"><table><tbody><tr><td><strong>Betrieb<\/strong><\/td><td><strong>Schwerpunkt<\/strong><\/td><td><strong>Ausbildungsberufe<\/strong><\/td><\/tr><tr><td><strong>LPDG Biesen eG<\/strong><br>Eichenfelder Weg 1<br>16909 Wittstock<br>&nbsp;<br>03394\/433435<br><a href=\"mailto:Lpdg-biesen@freenet.de\">Lpdg-biesen@freenet.de<\/a><br><br>Ansprechpartner: Herr Schulz<\/td><td>Milchk\u00fche, <br>Mutterk\u00fche, <br>Ackerbau<\/td><td>Landwirt\/in<\/td><\/tr><tr><td><strong>Agrargenossenschaft L\u00fcchfeld eG<\/strong><br>Siedlungsweg 1a<br>16845 L\u00fcchfeld<br>&nbsp;<br>033928\/70281<br><a href=\"mailto:info@ag-luechfeld.de\">info@ag-luechfeld.de<\/a><br>&nbsp;<br>Ansprechpartner: Herr Rehfeld<\/td><td>Mutterk\u00fche, <br>Schweinemast, <br>Ackerbau<\/td><td>Landwirt\/in, <br>Landwirtschaftshelfer\/in <br>Dualstudenten (Fachrichtung Agrar)<\/td><\/tr><tr><td><strong>LEVAL eG<\/strong><br>Lindenstr. 58<br>16866 Vehlow<br>&nbsp;<br>033976\/50373<br><a href=\"mailto:vehlow@ruhe-agrar.de\">vehlow@ruhe-agrar.de<\/a><br><a href=\"http:\/\/www.ruhe-agrar.de\">www.ruhe-agrar.de<\/a><\/td><td>Ackerbau,<br>Biogas<\/td><td>Landwirt\/in<\/td><\/tr><tr><td><strong>Landwirtschafts-GbR Wulkow<\/strong><br>Parkstra\u00dfe 1a<br>16835 Wulkow<br>&nbsp;<br>03391\/357622<br><a href=\"mailto:Landwirtschafts-gbr-wulkow@t-online.de\">Landwirtschafts-gbr-wulkow@t-online.de<\/a><br><a href=\"http:\/\/www.landwirtschaftsgbrwulkow.de\">www.landwirtschaftsgbrwulkow.de<\/a><\/td><td>Schweinezucht (PI), Schweinemast, Ackerbau, <br>Biogas, <br>Reitstall<\/td><td>Landwirt\/in<br>Tierwirt\/in<br>Pferdewirt\/in<\/td><\/tr><tr><td><strong>Osters &amp; Vo\u00df GmbH<\/strong><br>Gottschower Dorfstr. 51<br>19339 Plattenburg<br>&nbsp;<br>038784\/780100<br><a href=\"mailto:VSchnehage@osters-voss.de\">VSchnehage@osters-voss.de<\/a><br><a href=\"http:\/\/www.osters-voss.de\">www.osters-voss.de<\/a><br>&nbsp;<br>Ansprechpartner: Frau Schnehage<\/td><td>Ackerbau, <br>Biogas, Lohnunternehmen<\/td><td>Fachkraft f\u00fcr Agrarservice<br>Land- und Baumaschinen-mechantroniker\/in<\/td><\/tr><tr><td><strong>Agrargenossenschaft \u201eL\u00e4ndchen Bellin\u201c eG Lentzke<\/strong><br>Dorfstra\u00dfe 1<br>16833 Fehrbellin\/OT Lentzke<br>\u00a0<br>033932\/70212<br>Ag_lentzke@gmx.de<br><a href=\"http:\/\/www.ag-lentzke.de\">www.ag-lentzke.de<\/a><br>\u00a0<br>Ansprechpartner: Herr Deter-Tornow<\/td><td>Milchk\u00fche, Mutterk\u00fche, Ackerbau, Biogas<\/td><td>Landwirt\/in<\/td><\/tr><\/tbody><\/table><\/figure>\n","protected":false},"excerpt":{"rendered":"<p>Unsere Mitgliedsbetriebe bilden Landwirte, Tierwirte und zur Fachkraft Agrarservice und Landwirtschaftshelfer aus. Ebenso stehen Sie f\u00fcr Praktika w\u00e4hrend Schule, Fachschule oder Studium zur Verf\u00fcgung oder duale Studieng\u00e4nge im Bereich Agrar. Bei Fragen beraten wir gern! Betrieb Schwerpunkt Ausbildungsberufe LPDG Biesen eGEichenfelder Weg 116909 Wittstock&nbsp;03394\/433435Lpdg-biesen@freenet.de Ansprechpartner: Herr Schulz Milchk\u00fche, Mutterk\u00fche, Ackerbau Landwirt\/in Agrargenossenschaft L\u00fcchfeld eGSiedlungsweg 1a16845 &hellip; <\/p>\n<p class=\"link-more\"><a href=\"https:\/\/kbv-opr.de\/?page_id=244\" class=\"more-link\"><span class=\"screen-reader-text\">\u201eAusbildung\u201c<\/span> weiterlesen<\/a><\/p>\n","protected":false},"author":1,"featured_media":245,"parent":0,"menu_order":0,"comment_status":"closed","ping_status":"closed","template":"","meta":{"footnotes":""},"class_list":["post-244","page","type-page","status-publish","has-post-thumbnail","hentry"],"_links":{"self":[{"href":"https:\/\/kbv-opr.de\/index.php?rest_route=\/wp\/v2\/pages\/244","targetHints":{"allow":["GET"]}}],"collection":[{"href":"https:\/\/kbv-opr.de\/index.php?rest_route=\/wp\/v2\/pages"}],"about":[{"href":"https:\/\/kbv-opr.de\/index.php?rest_route=\/wp\/v2\/types\/page"}],"author":[{"embeddable":true,"href":"https:\/\/kbv-opr.de\/index.php?rest_route=\/wp\/v2\/users\/1"}],"replies":[{"embeddable":true,"href":"https:\/\/kbv-opr.de\/index.php?rest_route=%2Fwp%2Fv2%2Fcomments&post=244"}],"version-history":[{"count":3,"href":"https:\/\/kbv-opr.de\/index.php?rest_route=\/wp\/v2\/pages\/244\/revisions"}],"predecessor-version":[{"id":346,"href":"https:\/\/kbv-opr.de\/index.php?rest_route=\/wp\/v2\/pages\/244\/revisions\/346"}],"wp:featuredmedia":[{"embeddable":true,"href":"https:\/\/kbv-opr.de\/index.php?rest_route=\/wp\/v2\/media\/245"}],"wp:attachment":[{"href":"https:\/\/kbv-opr.de\/index.php?rest_route=%2Fwp%2Fv2%2Fmedia&parent=244"}],"curies":[{"name":"wp","href":"https:\/\/api.w.org\/{rel}","templated":true}]}}